{"id":408,"date":"2021-04-01T09:59:23","date_gmt":"2021-04-01T12:59:23","guid":{"rendered":"https:\/\/desenhando.com.br\/clientes\/rafaelpinheiro\/?page_id=408"},"modified":"2021-04-07T17:10:32","modified_gmt":"2021-04-07T20:10:32","slug":"toxina-butolinica","status":"publish","type":"page","link":"https:\/\/desenhando.com.br\/clientes\/rafaelpinheiro\/minimamente-invasivos\/toxina-butolinica\/","title":{"rendered":"Toxina Butol\u00ednica"},"content":{"rendered":"\t\t<div data-elementor-type=\"wp-page\" data-elementor-id=\"408\" class=\"elementor elementor-408\">\n\t\t\t\t\t\t\t\t\t<section class=\"elementor-section elementor-top-section elementor-element elementor-element-b86db2e elementor-section-full_width elementor-section-stretched elementor-section-height-default elementor-section-height-default\" data-id=\"b86db2e\" data-element_type=\"section\" data-settings=\"{&quot;stretch_section&quot;:&quot;section-stretched&quot;}\">\n\t\t\t\t\t\t<div class=\"elementor-container elementor-column-gap-default\">\n\t\t\t\t\t<div class=\"elementor-column elementor-col-50 elementor-top-column elementor-element elementor-element-fb93bc4\" data-id=\"fb93bc4\" data-element_type=\"column\">\n\t\t\t<div class=\"elementor-widget-wrap elementor-element-populated\">\n\t\t\t\t\t\t\t\t<section class=\"elementor-section elementor-inner-section elementor-element elementor-element-9e34b9b elementor-section-boxed elementor-section-height-default elementor-section-height-default\" data-id=\"9e34b9b\" data-element_type=\"section\">\n\t\t\t\t\t\t<div class=\"elementor-container elementor-column-gap-default\">\n\t\t\t\t\t<div class=\"elementor-column elementor-col-100 elementor-inner-column elementor-element elementor-element-f9c01d3\" data-id=\"f9c01d3\" data-element_type=\"column\">\n\t\t\t<div class=\"elementor-widget-wrap elementor-element-populated\">\n\t\t\t\t\t\t\t\t<div class=\"elementor-element elementor-element-8fa2b9d elementor-widget elementor-widget-heading\" data-id=\"8fa2b9d\" data-element_type=\"widget\" data-widget_type=\"heading.default\">\n\t\t\t\t<div class=\"elementor-widget-container\">\n\t\t\t<h2 class=\"elementor-heading-title elementor-size-default\">TRATAMENTOS MINIMAMENTE INVASIVOS<\/h2>\t\t<\/div>\n\t\t\t\t<\/div>\n\t\t\t\t<div class=\"elementor-element elementor-element-1bc8f2d elementor-widget elementor-widget-heading\" data-id=\"1bc8f2d\" data-element_type=\"widget\" data-widget_type=\"heading.default\">\n\t\t\t\t<div class=\"elementor-widget-container\">\n\t\t\t<h2 class=\"elementor-heading-title elementor-size-default\">TOXINA BOTUL\u00cdNICA<\/h2>\t\t<\/div>\n\t\t\t\t<\/div>\n\t\t\t\t<div class=\"elementor-element elementor-element-ffb012d elementor-widget elementor-widget-image\" data-id=\"ffb012d\" data-element_type=\"widget\" data-widget_type=\"image.default\">\n\t\t\t\t<div class=\"elementor-widget-container\">\n\t\t\t\t\t\t\t\t\t\t\t\t\t\t\t<img loading=\"lazy\" decoding=\"async\" width=\"1024\" height=\"683\" src=\"https:\/\/desenhando.com.br\/clientes\/rafaelpinheiro\/wp-content\/uploads\/2021\/03\/toxina-botulinica-1024x683.jpg\" class=\"attachment-large size-large wp-image-159\" alt=\"\" srcset=\"https:\/\/desenhando.com.br\/clientes\/rafaelpinheiro\/wp-content\/uploads\/2021\/03\/toxina-botulinica-1024x683.jpg 1024w, https:\/\/desenhando.com.br\/clientes\/rafaelpinheiro\/wp-content\/uploads\/2021\/03\/toxina-botulinica-300x200.jpg 300w, https:\/\/desenhando.com.br\/clientes\/rafaelpinheiro\/wp-content\/uploads\/2021\/03\/toxina-botulinica-768x512.jpg 768w, https:\/\/desenhando.com.br\/clientes\/rafaelpinheiro\/wp-content\/uploads\/2021\/03\/toxina-botulinica-1536x1024.jpg 1536w, https:\/\/desenhando.com.br\/clientes\/rafaelpinheiro\/wp-content\/uploads\/2021\/03\/toxina-botulinica-2048x1365.jpg 2048w\" sizes=\"auto, (max-width: 1024px) 100vw, 1024px\" \/>\t\t\t\t\t\t\t\t\t\t\t\t\t\t\t<\/div>\n\t\t\t\t<\/div>\n\t\t\t\t<div class=\"elementor-element elementor-element-b72bf3d elementor-widget elementor-widget-text-editor\" data-id=\"b72bf3d\" data-element_type=\"widget\" data-widget_type=\"text-editor.default\">\n\t\t\t\t<div class=\"elementor-widget-container\">\n\t\t\t\t\t\t\t<p>Ameniza as rugas din\u00e2micas \u2013 aquelas que aparecem quando voc\u00ea movimenta os m\u00fasculos da face.<br \/>Com o uso regular ( a cada 4-6 meses) fazem parte do tratamento que ir\u00e1 manter sua pele jovem por mais tempo.<\/p>\t\t\t\t\t\t<\/div>\n\t\t\t\t<\/div>\n\t\t\t\t<div class=\"elementor-element elementor-element-7817743 elementor-widget elementor-widget-heading\" data-id=\"7817743\" data-element_type=\"widget\" data-widget_type=\"heading.default\">\n\t\t\t\t<div class=\"elementor-widget-container\">\n\t\t\t<h2 class=\"elementor-heading-title elementor-size-default\">compartilhar<\/h2>\t\t<\/div>\n\t\t\t\t<\/div>\n\t\t\t\t<div class=\"elementor-element elementor-element-bf82e92 elementor-share-buttons--view-icon elementor-share-buttons--shape-circle elementor-share-buttons--color-custom elementor-share-buttons--skin-gradient elementor-grid-0 elementor-widget elementor-widget-share-buttons\" data-id=\"bf82e92\" data-element_type=\"widget\" data-widget_type=\"share-buttons.default\">\n\t\t\t\t<div class=\"elementor-widget-container\">\n\t\t\t\t\t<div class=\"elementor-grid\">\n\t\t\t\t\t\t\t\t<div class=\"elementor-grid-item\">\n\t\t\t\t\t\t<div\n\t\t\t\t\t\t\tclass=\"elementor-share-btn elementor-share-btn_facebook\"\n\t\t\t\t\t\t\trole=\"button\"\n\t\t\t\t\t\t\ttabindex=\"0\"\n\t\t\t\t\t\t\taria-label=\"Share on facebook\"\n\t\t\t\t\t\t>\n\t\t\t\t\t\t\t\t\t\t\t\t\t\t\t<span class=\"elementor-share-btn__icon\">\n\t\t\t\t\t\t\t\t<i class=\"fab fa-facebook\" aria-hidden=\"true\"><\/i>\t\t\t\t\t\t\t<\/span>\n\t\t\t\t\t\t\t\t\t\t\t\t\t\t\t\t\t\t\t\t<\/div>\n\t\t\t\t\t<\/div>\n\t\t\t\t\t\t\t\t\t<div class=\"elementor-grid-item\">\n\t\t\t\t\t\t<div\n\t\t\t\t\t\t\tclass=\"elementor-share-btn elementor-share-btn_whatsapp\"\n\t\t\t\t\t\t\trole=\"button\"\n\t\t\t\t\t\t\ttabindex=\"0\"\n\t\t\t\t\t\t\taria-label=\"Share on whatsapp\"\n\t\t\t\t\t\t>\n\t\t\t\t\t\t\t\t\t\t\t\t\t\t\t<span class=\"elementor-share-btn__icon\">\n\t\t\t\t\t\t\t\t<i class=\"fab fa-whatsapp\" aria-hidden=\"true\"><\/i>\t\t\t\t\t\t\t<\/span>\n\t\t\t\t\t\t\t\t\t\t\t\t\t\t\t\t\t\t\t\t<\/div>\n\t\t\t\t\t<\/div>\n\t\t\t\t\t\t<\/div>\n\t\t\t\t<\/div>\n\t\t\t\t<\/div>\n\t\t\t\t\t<\/div>\n\t\t<\/div>\n\t\t\t\t\t\t\t<\/div>\n\t\t<\/section>\n\t\t\t\t\t<\/div>\n\t\t<\/div>\n\t\t\t\t<div class=\"elementor-column elementor-col-50 elementor-top-column elementor-element elementor-element-29faec7\" data-id=\"29faec7\" data-element_type=\"column\">\n\t\t\t<div class=\"elementor-widget-wrap\">\n\t\t\t\t\t\t\t\t\t<\/div>\n\t\t<\/div>\n\t\t\t\t\t\t\t<\/div>\n\t\t<\/section>\n\t\t\t\t\t\t\t<\/div>\n\t\t","protected":false},"excerpt":{"rendered":"<p>TRATAMENTOS MINIMAMENTE INVASIVOS TOXINA BOTUL\u00cdNICA Ameniza as rugas din\u00e2micas \u2013 aquelas que aparecem quando voc\u00ea movimenta os m\u00fasculos da face.Com o uso regular ( a cada 4-6 meses) fazem parte do tratamento que ir\u00e1 manter sua pele jovem por mais tempo. compartilhar Share on facebook Share on whatsapp<\/p>\n","protected":false},"author":2,"featured_media":0,"parent":270,"menu_order":0,"comment_status":"closed","ping_status":"closed","template":"","meta":{"_acf_changed":false,"ocean_post_layout":"","ocean_both_sidebars_style":"","ocean_both_sidebars_content_width":0,"ocean_both_sidebars_sidebars_width":0,"ocean_sidebar":"0","ocean_second_sidebar":"0","ocean_disable_margins":"enable","ocean_add_body_class":"","ocean_shortcode_before_top_bar":"","ocean_shortcode_after_top_bar":"","ocean_shortcode_before_header":"","ocean_shortcode_after_header":"","ocean_has_shortcode":"","ocean_shortcode_after_title":"","ocean_shortcode_before_footer_widgets":"","ocean_shortcode_after_footer_widgets":"","ocean_shortcode_before_footer_bottom":"","ocean_shortcode_after_footer_bottom":"","ocean_display_top_bar":"default","ocean_display_header":"default","ocean_header_style":"","ocean_center_header_left_menu":"0","ocean_custom_header_template":"0","ocean_custom_logo":0,"ocean_custom_retina_logo":0,"ocean_custom_logo_max_width":0,"ocean_custom_logo_tablet_max_width":0,"ocean_custom_logo_mobile_max_width":0,"ocean_custom_logo_max_height":0,"ocean_custom_logo_tablet_max_height":0,"ocean_custom_logo_mobile_max_height":0,"ocean_header_custom_menu":"0","ocean_menu_typo_font_family":"0","ocean_menu_typo_font_subset":"","ocean_menu_typo_font_size":0,"ocean_menu_typo_font_size_tablet":0,"ocean_menu_typo_font_size_mobile":0,"ocean_menu_typo_font_size_unit":"px","ocean_menu_typo_font_weight":"","ocean_menu_typo_font_weight_tablet":"","ocean_menu_typo_font_weight_mobile":"","ocean_menu_typo_transform":"","ocean_menu_typo_transform_tablet":"","ocean_menu_typo_transform_mobile":"","ocean_menu_typo_line_height":0,"ocean_menu_typo_line_height_tablet":0,"ocean_menu_typo_line_height_mobile":0,"ocean_menu_typo_line_height_unit":"","ocean_menu_typo_spacing":0,"ocean_menu_typo_spacing_tablet":0,"ocean_menu_typo_spacing_mobile":0,"ocean_menu_typo_spacing_unit":"","ocean_menu_link_color":"","ocean_menu_link_color_hover":"","ocean_menu_link_color_active":"","ocean_menu_link_background":"","ocean_menu_link_hover_background":"","ocean_menu_link_active_background":"","ocean_menu_social_links_bg":"","ocean_menu_social_hover_links_bg":"","ocean_menu_social_links_color":"","ocean_menu_social_hover_links_color":"","ocean_disable_title":"on","ocean_disable_heading":"default","ocean_post_title":"","ocean_post_subheading":"","ocean_post_title_style":"","ocean_post_title_background_color":"","ocean_post_title_background":0,"ocean_post_title_bg_image_position":"","ocean_post_title_bg_image_attachment":"","ocean_post_title_bg_image_repeat":"","ocean_post_title_bg_image_size":"","ocean_post_title_height":0,"ocean_post_title_bg_overlay":0.5,"ocean_post_title_bg_overlay_color":"","ocean_disable_breadcrumbs":"default","ocean_breadcrumbs_color":"","ocean_breadcrumbs_separator_color":"","ocean_breadcrumbs_links_color":"","ocean_breadcrumbs_links_hover_color":"","ocean_display_footer_widgets":"default","ocean_display_footer_bottom":"default","ocean_custom_footer_template":"0","footnotes":""},"class_list":["post-408","page","type-page","status-publish","hentry","entry"],"acf":[],"yoast_head":"<!-- This site is optimized with the Yoast SEO plugin v27.5 - https:\/\/yoast.com\/product\/yoast-seo-wordpress\/ -->\n<title>Toxina Butol\u00ednica - Rafael Pinheiro<\/title>\n<meta name=\"description\" content=\"Ameniza as rugas din\u00e2micas \u2013 aquelas que aparecem quando voc\u00ea movimenta os m\u00fasculos da face.Com o uso regular ( a cada 4-6 meses) fazem parte do tratamento que ir\u00e1 manter sua pele jovem por mais tempo.\" \/>\n<meta name=\"robots\" content=\"noindex, follow, max-snippet:-1, max-image-preview:large, max-video-preview:-1\" \/>\n<meta property=\"og:locale\" content=\"pt_BR\" \/>\n<meta property=\"og:type\" content=\"article\" \/>\n<meta property=\"og:title\" content=\"Toxina Butol\u00ednica - Rafael Pinheiro\" \/>\n<meta property=\"og:description\" content=\"Ameniza as rugas din\u00e2micas \u2013 aquelas que aparecem quando voc\u00ea movimenta os m\u00fasculos da face.Com o uso regular ( a cada 4-6 meses) fazem parte do tratamento que ir\u00e1 manter sua pele jovem por mais tempo.\" \/>\n<meta property=\"og:url\" content=\"https:\/\/desenhando.com.br\/clientes\/rafaelpinheiro\/minimamente-invasivos\/toxina-butolinica\/\" \/>\n<meta property=\"og:site_name\" content=\"Rafael Pinheiro\" \/>\n<meta property=\"article:modified_time\" content=\"2021-04-07T20:10:32+00:00\" \/>\n<meta property=\"og:image\" content=\"https:\/\/desenhando.com.br\/clientes\/rafaelpinheiro\/wp-content\/uploads\/2021\/03\/toxina-botulinica-1024x683.jpg\" \/>\n<meta name=\"twitter:card\" content=\"summary_large_image\" \/>\n<meta name=\"twitter:label1\" content=\"Est. tempo de leitura\" \/>\n\t<meta name=\"twitter:data1\" content=\"1 minuto\" \/>\n<script type=\"application\/ld+json\" class=\"yoast-schema-graph\">{\"@context\":\"https:\\\/\\\/schema.org\",\"@graph\":[{\"@type\":\"WebPage\",\"@id\":\"https:\\\/\\\/desenhando.com.br\\\/clientes\\\/rafaelpinheiro\\\/minimamente-invasivos\\\/toxina-butolinica\\\/\",\"url\":\"https:\\\/\\\/desenhando.com.br\\\/clientes\\\/rafaelpinheiro\\\/minimamente-invasivos\\\/toxina-butolinica\\\/\",\"name\":\"Toxina Butol\u00ednica - Rafael Pinheiro\",\"isPartOf\":{\"@id\":\"https:\\\/\\\/desenhando.com.br\\\/clientes\\\/rafaelpinheiro\\\/#website\"},\"primaryImageOfPage\":{\"@id\":\"https:\\\/\\\/desenhando.com.br\\\/clientes\\\/rafaelpinheiro\\\/minimamente-invasivos\\\/toxina-butolinica\\\/#primaryimage\"},\"image\":{\"@id\":\"https:\\\/\\\/desenhando.com.br\\\/clientes\\\/rafaelpinheiro\\\/minimamente-invasivos\\\/toxina-butolinica\\\/#primaryimage\"},\"thumbnailUrl\":\"https:\\\/\\\/desenhando.com.br\\\/clientes\\\/rafaelpinheiro\\\/wp-content\\\/uploads\\\/2021\\\/03\\\/toxina-botulinica-1024x683.jpg\",\"datePublished\":\"2021-04-01T12:59:23+00:00\",\"dateModified\":\"2021-04-07T20:10:32+00:00\",\"description\":\"Ameniza as rugas din\u00e2micas \u2013 aquelas que aparecem quando voc\u00ea movimenta os m\u00fasculos da face.Com o uso regular ( a cada 4-6 meses) fazem parte do tratamento que ir\u00e1 manter sua pele jovem por mais tempo.\",\"breadcrumb\":{\"@id\":\"https:\\\/\\\/desenhando.com.br\\\/clientes\\\/rafaelpinheiro\\\/minimamente-invasivos\\\/toxina-butolinica\\\/#breadcrumb\"},\"inLanguage\":\"pt-BR\",\"potentialAction\":[{\"@type\":\"ReadAction\",\"target\":[\"https:\\\/\\\/desenhando.com.br\\\/clientes\\\/rafaelpinheiro\\\/minimamente-invasivos\\\/toxina-butolinica\\\/\"]}]},{\"@type\":\"ImageObject\",\"inLanguage\":\"pt-BR\",\"@id\":\"https:\\\/\\\/desenhando.com.br\\\/clientes\\\/rafaelpinheiro\\\/minimamente-invasivos\\\/toxina-butolinica\\\/#primaryimage\",\"url\":\"https:\\\/\\\/desenhando.com.br\\\/clientes\\\/rafaelpinheiro\\\/wp-content\\\/uploads\\\/2021\\\/03\\\/toxina-botulinica.jpg\",\"contentUrl\":\"https:\\\/\\\/desenhando.com.br\\\/clientes\\\/rafaelpinheiro\\\/wp-content\\\/uploads\\\/2021\\\/03\\\/toxina-botulinica.jpg\",\"width\":2121,\"height\":1414,\"caption\":\"Beautiful young woman gets beauty injection in forehead from sergeant. Isolated over white background.\"},{\"@type\":\"BreadcrumbList\",\"@id\":\"https:\\\/\\\/desenhando.com.br\\\/clientes\\\/rafaelpinheiro\\\/minimamente-invasivos\\\/toxina-butolinica\\\/#breadcrumb\",\"itemListElement\":[{\"@type\":\"ListItem\",\"position\":1,\"name\":\"In\u00edcio\",\"item\":\"https:\\\/\\\/desenhando.com.br\\\/clientes\\\/rafaelpinheiro\\\/\"},{\"@type\":\"ListItem\",\"position\":2,\"name\":\"Tratamentos minimamente invasivos\",\"item\":\"https:\\\/\\\/desenhando.com.br\\\/clientes\\\/rafaelpinheiro\\\/minimamente-invasivos\\\/\"},{\"@type\":\"ListItem\",\"position\":3,\"name\":\"Toxina Butol\u00ednica\"}]},{\"@type\":\"WebSite\",\"@id\":\"https:\\\/\\\/desenhando.com.br\\\/clientes\\\/rafaelpinheiro\\\/#website\",\"url\":\"https:\\\/\\\/desenhando.com.br\\\/clientes\\\/rafaelpinheiro\\\/\",\"name\":\"Rafael Pinheiro\",\"description\":\"\",\"publisher\":{\"@id\":\"https:\\\/\\\/desenhando.com.br\\\/clientes\\\/rafaelpinheiro\\\/#organization\"},\"potentialAction\":[{\"@type\":\"SearchAction\",\"target\":{\"@type\":\"EntryPoint\",\"urlTemplate\":\"https:\\\/\\\/desenhando.com.br\\\/clientes\\\/rafaelpinheiro\\\/?s={search_term_string}\"},\"query-input\":{\"@type\":\"PropertyValueSpecification\",\"valueRequired\":true,\"valueName\":\"search_term_string\"}}],\"inLanguage\":\"pt-BR\"},{\"@type\":\"Organization\",\"@id\":\"https:\\\/\\\/desenhando.com.br\\\/clientes\\\/rafaelpinheiro\\\/#organization\",\"name\":\"Rafael Pinheiro\",\"url\":\"https:\\\/\\\/desenhando.com.br\\\/clientes\\\/rafaelpinheiro\\\/\",\"logo\":{\"@type\":\"ImageObject\",\"inLanguage\":\"pt-BR\",\"@id\":\"https:\\\/\\\/desenhando.com.br\\\/clientes\\\/rafaelpinheiro\\\/#\\\/schema\\\/logo\\\/image\\\/\",\"url\":\"https:\\\/\\\/desenhando.com.br\\\/clientes\\\/rafaelpinheiro\\\/wp-content\\\/uploads\\\/2021\\\/04\\\/logo-rafael.png\",\"contentUrl\":\"https:\\\/\\\/desenhando.com.br\\\/clientes\\\/rafaelpinheiro\\\/wp-content\\\/uploads\\\/2021\\\/04\\\/logo-rafael.png\",\"width\":400,\"height\":136,\"caption\":\"Rafael Pinheiro\"},\"image\":{\"@id\":\"https:\\\/\\\/desenhando.com.br\\\/clientes\\\/rafaelpinheiro\\\/#\\\/schema\\\/logo\\\/image\\\/\"}}]}<\/script>\n<!-- \/ Yoast SEO plugin. -->","yoast_head_json":{"title":"Toxina Butol\u00ednica - Rafael Pinheiro","description":"Ameniza as rugas din\u00e2micas \u2013 aquelas que aparecem quando voc\u00ea movimenta os m\u00fasculos da face.Com o uso regular ( a cada 4-6 meses) fazem parte do tratamento que ir\u00e1 manter sua pele jovem por mais tempo.","robots":{"index":"noindex","follow":"follow","max-snippet":"max-snippet:-1","max-image-preview":"max-image-preview:large","max-video-preview":"max-video-preview:-1"},"og_locale":"pt_BR","og_type":"article","og_title":"Toxina Butol\u00ednica - Rafael Pinheiro","og_description":"Ameniza as rugas din\u00e2micas \u2013 aquelas que aparecem quando voc\u00ea movimenta os m\u00fasculos da face.Com o uso regular ( a cada 4-6 meses) fazem parte do tratamento que ir\u00e1 manter sua pele jovem por mais tempo.","og_url":"https:\/\/desenhando.com.br\/clientes\/rafaelpinheiro\/minimamente-invasivos\/toxina-butolinica\/","og_site_name":"Rafael Pinheiro","article_modified_time":"2021-04-07T20:10:32+00:00","og_image":[{"url":"https:\/\/desenhando.com.br\/clientes\/rafaelpinheiro\/wp-content\/uploads\/2021\/03\/toxina-botulinica-1024x683.jpg","type":"","width":"","height":""}],"twitter_card":"summary_large_image","twitter_misc":{"Est. tempo de leitura":"1 minuto"},"schema":{"@context":"https:\/\/schema.org","@graph":[{"@type":"WebPage","@id":"https:\/\/desenhando.com.br\/clientes\/rafaelpinheiro\/minimamente-invasivos\/toxina-butolinica\/","url":"https:\/\/desenhando.com.br\/clientes\/rafaelpinheiro\/minimamente-invasivos\/toxina-butolinica\/","name":"Toxina Butol\u00ednica - Rafael Pinheiro","isPartOf":{"@id":"https:\/\/desenhando.com.br\/clientes\/rafaelpinheiro\/#website"},"primaryImageOfPage":{"@id":"https:\/\/desenhando.com.br\/clientes\/rafaelpinheiro\/minimamente-invasivos\/toxina-butolinica\/#primaryimage"},"image":{"@id":"https:\/\/desenhando.com.br\/clientes\/rafaelpinheiro\/minimamente-invasivos\/toxina-butolinica\/#primaryimage"},"thumbnailUrl":"https:\/\/desenhando.com.br\/clientes\/rafaelpinheiro\/wp-content\/uploads\/2021\/03\/toxina-botulinica-1024x683.jpg","datePublished":"2021-04-01T12:59:23+00:00","dateModified":"2021-04-07T20:10:32+00:00","description":"Ameniza as rugas din\u00e2micas \u2013 aquelas que aparecem quando voc\u00ea movimenta os m\u00fasculos da face.Com o uso regular ( a cada 4-6 meses) fazem parte do tratamento que ir\u00e1 manter sua pele jovem por mais tempo.","breadcrumb":{"@id":"https:\/\/desenhando.com.br\/clientes\/rafaelpinheiro\/minimamente-invasivos\/toxina-butolinica\/#breadcrumb"},"inLanguage":"pt-BR","potentialAction":[{"@type":"ReadAction","target":["https:\/\/desenhando.com.br\/clientes\/rafaelpinheiro\/minimamente-invasivos\/toxina-butolinica\/"]}]},{"@type":"ImageObject","inLanguage":"pt-BR","@id":"https:\/\/desenhando.com.br\/clientes\/rafaelpinheiro\/minimamente-invasivos\/toxina-butolinica\/#primaryimage","url":"https:\/\/desenhando.com.br\/clientes\/rafaelpinheiro\/wp-content\/uploads\/2021\/03\/toxina-botulinica.jpg","contentUrl":"https:\/\/desenhando.com.br\/clientes\/rafaelpinheiro\/wp-content\/uploads\/2021\/03\/toxina-botulinica.jpg","width":2121,"height":1414,"caption":"Beautiful young woman gets beauty injection in forehead from sergeant. Isolated over white background."},{"@type":"BreadcrumbList","@id":"https:\/\/desenhando.com.br\/clientes\/rafaelpinheiro\/minimamente-invasivos\/toxina-butolinica\/#breadcrumb","itemListElement":[{"@type":"ListItem","position":1,"name":"In\u00edcio","item":"https:\/\/desenhando.com.br\/clientes\/rafaelpinheiro\/"},{"@type":"ListItem","position":2,"name":"Tratamentos minimamente invasivos","item":"https:\/\/desenhando.com.br\/clientes\/rafaelpinheiro\/minimamente-invasivos\/"},{"@type":"ListItem","position":3,"name":"Toxina Butol\u00ednica"}]},{"@type":"WebSite","@id":"https:\/\/desenhando.com.br\/clientes\/rafaelpinheiro\/#website","url":"https:\/\/desenhando.com.br\/clientes\/rafaelpinheiro\/","name":"Rafael Pinheiro","description":"","publisher":{"@id":"https:\/\/desenhando.com.br\/clientes\/rafaelpinheiro\/#organization"},"potentialAction":[{"@type":"SearchAction","target":{"@type":"EntryPoint","urlTemplate":"https:\/\/desenhando.com.br\/clientes\/rafaelpinheiro\/?s={search_term_string}"},"query-input":{"@type":"PropertyValueSpecification","valueRequired":true,"valueName":"search_term_string"}}],"inLanguage":"pt-BR"},{"@type":"Organization","@id":"https:\/\/desenhando.com.br\/clientes\/rafaelpinheiro\/#organization","name":"Rafael Pinheiro","url":"https:\/\/desenhando.com.br\/clientes\/rafaelpinheiro\/","logo":{"@type":"ImageObject","inLanguage":"pt-BR","@id":"https:\/\/desenhando.com.br\/clientes\/rafaelpinheiro\/#\/schema\/logo\/image\/","url":"https:\/\/desenhando.com.br\/clientes\/rafaelpinheiro\/wp-content\/uploads\/2021\/04\/logo-rafael.png","contentUrl":"https:\/\/desenhando.com.br\/clientes\/rafaelpinheiro\/wp-content\/uploads\/2021\/04\/logo-rafael.png","width":400,"height":136,"caption":"Rafael Pinheiro"},"image":{"@id":"https:\/\/desenhando.com.br\/clientes\/rafaelpinheiro\/#\/schema\/logo\/image\/"}}]}},"_links":{"self":[{"href":"https:\/\/desenhando.com.br\/clientes\/rafaelpinheiro\/wp-json\/wp\/v2\/pages\/408","targetHints":{"allow":["GET"]}}],"collection":[{"href":"https:\/\/desenhando.com.br\/clientes\/rafaelpinheiro\/wp-json\/wp\/v2\/pages"}],"about":[{"href":"https:\/\/desenhando.com.br\/clientes\/rafaelpinheiro\/wp-json\/wp\/v2\/types\/page"}],"author":[{"embeddable":true,"href":"https:\/\/desenhando.com.br\/clientes\/rafaelpinheiro\/wp-json\/wp\/v2\/users\/2"}],"replies":[{"embeddable":true,"href":"https:\/\/desenhando.com.br\/clientes\/rafaelpinheiro\/wp-json\/wp\/v2\/comments?post=408"}],"version-history":[{"count":21,"href":"https:\/\/desenhando.com.br\/clientes\/rafaelpinheiro\/wp-json\/wp\/v2\/pages\/408\/revisions"}],"predecessor-version":[{"id":1174,"href":"https:\/\/desenhando.com.br\/clientes\/rafaelpinheiro\/wp-json\/wp\/v2\/pages\/408\/revisions\/1174"}],"up":[{"embeddable":true,"href":"https:\/\/desenhando.com.br\/clientes\/rafaelpinheiro\/wp-json\/wp\/v2\/pages\/270"}],"wp:attachment":[{"href":"https:\/\/desenhando.com.br\/clientes\/rafaelpinheiro\/wp-json\/wp\/v2\/media?parent=408"}],"curies":[{"name":"wp","href":"https:\/\/api.w.org\/{rel}","templated":true}]}}